{"id":63,"date":"2015-06-22T19:52:22","date_gmt":"2015-06-22T17:52:22","guid":{"rendered":"http:\/\/fritz-computer.de\/wordpress\/?page_id=63"},"modified":"2017-08-13T20:37:28","modified_gmt":"2017-08-13T18:37:28","slug":"ueber-uns","status":"publish","type":"page","link":"https:\/\/fritz-computer.de\/wordpress\/ueber-uns\/","title":{"rendered":"\u00dcber uns"},"content":{"rendered":"<p style=\"text-align: justify;\"><span style=\"font-family: Georgia;\"><br \/>\nDie Firma fritz-computer wurde im April 1998 als Einzelunternehmen gegr\u00fcndet. Das Hauptgesch\u00e4ft lag anfangs im Verkauf von Hardware und der Zusammenstellung sowie Konfiguration von Komplettsystemen im Privat- und Businessbereich. Dabei waren haupts\u00e4chlich L\u00f6sungen im Bereich Faktura, Finanzbuchhaltung sowie bei Hotel- und Kassensystemen gefragt.<\/span><\/p>\n<p style=\"text-align: justify;\"><span style=\"font-family: Georgia;\">Mit der Firma <a href=\"http:\/\/www.amicron.org\/\" target=\"blank\">Amicron Software<\/a> verbindet uns eine langj\u00e4hrige Gesch\u00e4ftsbeziehung. Diese Firma entwickelt und vertreibt Standardl\u00f6sungen unter MS-Windows f\u00fcr klein-und mittelst\u00e4ndige Unternehmen, die im gesamten deutschsprachigen Raum vertrieben werden. Das Produktteam Amicron-Faktura und Amicron-Mailoffice ist eine der f\u00fchrenden L\u00f6sungen zur Integration von Auftragsbearbeitung und Kontakt-\/ E-Mail-Management. <\/span><span style=\"font-family: Georgia;\">Seit Jahren arbeiten wir selbst mit Amicron- Faktura und Amicron- Mailoffice.<\/span><\/p>\n<p style=\"text-align: justify;\"><span style=\"font-family: Georgia;\">Seit 1998 pflegen wir eine enge Zusammenarbeit mit dem PC-Cash-Team in Kiel und sind seit dieser Zeit auch offizieller <a href=\"http:\/\/www.pc-cash-team.de\/handel\/handel-mcpom.htm\" target=\"blank\">PC-Cash-H\u00e4ndler<\/a> und Vertriebspartner von <a href=\"http:\/\/www.orderman.com\" target=\"blank\">Think Dig<\/a>.<\/span><br \/>\n<span style=\"font-family: Georgia;\">Seit 2002 vertreiben wir, in Zusammenarbeit mit der Firma Rother-Data, ein Reservierungs- und Buchungsprogramm f\u00fcr Ferienwohnungen und Pensionen.<\/span><\/p>\n<p style=\"text-align: justify;\"><span style=\"font-family: Georgia;\">Als ein zuverl\u00e4ssiger Partner &#8211; in Fragen &#8222;Virenschutz und Sicherheitsl\u00f6sungen&#8220; &#8211; arbeiten wir seit 2004 eng mit der Firma ESET\u00ae Deutschland GmbH in Jena zusammen.<\/span><\/p>\n<p style=\"text-align: justify;\"><span style=\"font-family: Georgia;\">Unsere Firma versteht sich als Partner f\u00fcr Sie, unseren Kunden, von der ersten Beratung, \u00fcber den Verkauf von Hard- und Software, bis zur Einrichtung, Wartung und Pflege Ihrer EDV.<\/span><\/p>\n<p style=\"text-align: justify;\"><span style=\"text-decoration: underline;\"><strong><span style=\"font-family: Georgia;\">Aktuelles:<\/span><\/strong><\/span><\/p>\n<p style=\"text-align: justify;\"><span style=\"font-family: Georgia;\"><u><b>Schutz ohne Kompromisse &#8211; und ohne Performanceverluste<\/b><\/u><\/span><br \/>\n<u><b><\/b><\/u><br \/>\n<span style=\"font-family: Georgia;\">ESET f\u00fcr Heimanwender und Firmennetzwerke bietet umfangreichen Schutz gegen Viren, W\u00fcrmer, Trojanische Pferde, Spyware, Root-Kits und andere Malware, ohne dabei Ihr System zu belasten. <\/span><\/p>\n<p style=\"text-align: justify;\"><span style=\"font-family: Georgia;\">Durch die ausgefeilte, proaktiv sch\u00fctzende Advanced Heuristik k\u00f6nnen Speicherbedarf, ben\u00f6tigte Rechenleistung und Signaturupdates klein gehalten werden. Die Produkte der Firma <\/span><span style=\"font-family: Georgia;\">ESET sind somit hervorragend f\u00fcr Anwender geeignet, die hohe Anforderungen an Ihr System stellen und auch bei der Leistungsf\u00e4higkeit keine Abstriche machen wollen: <\/span><\/p>\n<blockquote>\n<ul>\n<li><span style=\"font-family: Georgia;\">komplexe Grafik- und Bildbearbeitungen<\/span><\/li>\n<li><span style=\"font-family: Georgia;\">umfangreicher Audio- und Videoschnitt<\/span><\/li>\n<li><span style=\"font-family: Georgia;\">rechenintensive Programmierarbeiten<\/span><\/li>\n<li><span style=\"font-family: Georgia;\">oder die neuesten und aktuellsten Spiele<\/span><\/li>\n<\/ul>\n<\/blockquote>\n<p style=\"text-align: justify;\"><span style=\"font-family: Georgia;\">Nutzen Sie die komplette Leistung Ihres Systems f\u00fcr Ihre Anwendungen und nicht f\u00fcr Ihre Antimalwarel\u00f6sung. W\u00e4hlen Sie jetzt die Produkte der Firma ESET und sagen Sie &#8222;Nein!&#8220; zu nicht ausreichendem Schutz, \u00fcberladenden Programmen und aus gebremsten Systemen.<\/span><\/p>\n","protected":false},"excerpt":{"rendered":"<p>Die Firma fritz-computer wurde im April 1998 als Einzelunternehmen gegr\u00fcndet. Das Hauptgesch\u00e4ft lag anfangs im Verkauf von Hardware und der Zusammenstellung sowie Konfiguration von Komplettsystemen im Privat- und Businessbereich. Dabei waren haupts\u00e4chlich L\u00f6sungen im Bereich Faktura, Finanzbuchhaltung sowie bei Hotel- und Kassensystemen gefragt. Mit der Firma Amicron Software verbindet uns eine langj\u00e4hrige Gesch\u00e4ftsbeziehung. Diese Firma &hellip; <a href=\"https:\/\/fritz-computer.de\/wordpress\/ueber-uns\/\" class=\"more-link\"><span class=\"screen-reader-text\">\u00dcber uns<\/span> weiterlesen<\/a><\/p>\n","protected":false},"author":3,"featured_media":0,"parent":0,"menu_order":0,"comment_status":"closed","ping_status":"closed","template":"","meta":{"jetpack_post_was_ever_published":false,"footnotes":""},"class_list":["post-63","page","type-page","status-publish","hentry"],"jetpack_sharing_enabled":false,"jetpack_shortlink":"https:\/\/wp.me\/P6nwqE-11","_links":{"self":[{"href":"https:\/\/fritz-computer.de\/wordpress\/wp-json\/wp\/v2\/pages\/63","targetHints":{"allow":["GET"]}}],"collection":[{"href":"https:\/\/fritz-computer.de\/wordpress\/wp-json\/wp\/v2\/pages"}],"about":[{"href":"https:\/\/fritz-computer.de\/wordpress\/wp-json\/wp\/v2\/types\/page"}],"author":[{"embeddable":true,"href":"https:\/\/fritz-computer.de\/wordpress\/wp-json\/wp\/v2\/users\/3"}],"replies":[{"embeddable":true,"href":"https:\/\/fritz-computer.de\/wordpress\/wp-json\/wp\/v2\/comments?post=63"}],"version-history":[{"count":4,"href":"https:\/\/fritz-computer.de\/wordpress\/wp-json\/wp\/v2\/pages\/63\/revisions"}],"predecessor-version":[{"id":152,"href":"https:\/\/fritz-computer.de\/wordpress\/wp-json\/wp\/v2\/pages\/63\/revisions\/152"}],"wp:attachment":[{"href":"https:\/\/fritz-computer.de\/wordpress\/wp-json\/wp\/v2\/media?parent=63"}],"curies":[{"name":"wp","href":"https:\/\/api.w.org\/{rel}","templated":true}]}}