{"id":70,"date":"2015-06-22T20:13:26","date_gmt":"2015-06-22T18:13:26","guid":{"rendered":"http:\/\/fritz-computer.de\/wordpress\/?page_id=70"},"modified":"2017-08-13T20:38:58","modified_gmt":"2017-08-13T18:38:58","slug":"links","status":"publish","type":"page","link":"https:\/\/fritz-computer.de\/wordpress\/links\/","title":{"rendered":"unsere Partner"},"content":{"rendered":"<h3 style=\"text-align: center;\"><span style=\"font-family: Georgia;\">Treiber gesucht:<\/span><\/h3>\n<p style=\"text-align: justify;\"><span style=\"font-family: Georgia;\">Um gesuchte Treiber schnell und zuverl\u00e4ssig im Netz zu finden, sollten Sie einen der besten Treibersupports im deutschen Internet nutzen. Der Heise-Verlag bietet auf seiner Homepage einen solchen an. Hier werden Sie zu einem gro\u00dfen Teil direkt auf die Anbieterseiten verwiesen und haben damit die Gewissheit, den aktuellsten Treiber f\u00fcr Ihre Hardware downloaden zu k\u00f6nnen.<br \/>\n<\/span><\/p>\n<ul>\n<li><span style=\"font-family: Georgia;\"><a href=\"http:\/\/heise.de\/ct\/treiber\" target=\"_blank\" rel=\"noopener\"><span style=\"color: #000000;\">heise.de\/ct\/treiber<\/span><\/a><span style=\"color: #000000;\"><br \/>\n<\/span><\/span><\/li>\n<\/ul>\n<h3 style=\"text-align: center;\"><span style=\"font-family: Georgia;\">Unsere Partner f\u00fcr:<\/span><\/h3>\n<p><strong><em><span style=\"font-family: Georgia;\"><u>* Virenschutz und Sicherheitsl\u00f6sungen:<\/u><\/span><\/em><\/strong><\/p>\n<ul>\n<li><span style=\"font-family: Georgia;\">ESET Deutschland GmbH (<a href=\"http:\/\/www.eset.com\/de\/\" target=\"_blank\" rel=\"noopener\">eset.com\/de<\/a><\/span>)\n<p style=\"text-align: center;\"><span style=\"font-family: Georgia;\"><a href=\"http:\/\/www.eset.de\" target=\"blank\"><img data-recalc-dims=\"1\" loading=\"lazy\" decoding=\"async\" class=\" alignleft\" src=\"https:\/\/i0.wp.com\/www.fritz-computer.de\/bilder\/eset_kl.jpg?resize=147%2C77\" alt=\"ESET Partner in Deutschland\" width=\"147\" height=\"77\" border=\"0\" \/><\/a><\/span><\/p>\n<\/li>\n<\/ul>\n<p><span style=\"font-family: Georgia;\"><u><br \/>\n<\/u><\/span><\/p>\n<p>&nbsp;<\/p>\n<p><span style=\"font-family: Georgia;\"><u><em><strong>* Auftragsbearbeitung und Kontakt-\/E-Mail-Management:<br \/>\n<\/strong><\/em><\/u><\/span><\/p>\n<ul>\n<li><a href=\"http:\/\/www.amicron.org\/\" target=\"_blank\" rel=\"noopener\"><span style=\"font-family: Georgia;\">Amicron-Faktura\/ Amicon-Mailoffice<\/span><\/a><\/li>\n<\/ul>\n<p><strong><em><span style=\"font-family: Georgia;\"><u>* Programml\u00f6sungen im Bereich der Warenwirtschaft und Auftragsverwaltung:<br \/>\n<\/u><\/span><\/em><\/strong><\/p>\n<ul>\n<li><a href=\"http:\/\/www.softweaver.de\" target=\"_blank\" rel=\"noopener\"><span style=\"font-family: Georgia;\">Softweaver GmbH <\/span><\/a><br \/>\n<a href=\"http:\/\/www.softweaver.de\" target=\"blank\"><span style=\"font-family: Georgia;\"><img data-recalc-dims=\"1\" loading=\"lazy\" decoding=\"async\" class=\" alignleft\" src=\"https:\/\/i0.wp.com\/www.fritz-computer.de\/bilder\/Premiumpartner1_kl.jpg?resize=77%2C137\" alt=\"Premiumpartner f\u00fcr Softweaver GmbH\" width=\"77\" height=\"137\" border=\"0\" \/><\/span><\/a><\/li>\n<\/ul>\n<p>&nbsp;<\/p>\n<p>&nbsp;<\/p>\n<p>&nbsp;<\/p>\n<p><em><strong><span style=\"font-family: Georgia;\"><u>* Kassen- und Hotelsoftware:<\/u><\/span><\/strong><\/em><\/p>\n<ul>\n<li><span style=\"font-family: Georgia;\"><a href=\"http:\/\/www.pc-cash-team.de\" target=\"_blank\" rel=\"noopener\">pc-cash-team.de<\/a><\/span><\/li>\n<li><span style=\"font-family: Georgia;\"><a href=\"http:\/\/www.orderman.com\/\" target=\"_blank\" rel=\"noopener\">orderman by think dig<\/a><\/span><\/li>\n<li><span style=\"font-family: Georgia;\"><a href=\"http:\/\/www.citadel.de\/\" target=\"_blank\" rel=\"noopener\">citadel.de<\/a><\/span><\/li>\n<li><span style=\"font-family: Georgia;\"><a href=\"http:\/\/www.rother-data.com\/index.php\" target=\"_blank\" rel=\"noopener\">der-appmann.de<\/a><\/span><\/li>\n<\/ul>\n<p><em><strong><span style=\"font-family: Georgia;\"><span style=\"font-family: Georgia;\"><span style=\"font-family: Georgia;\"><u>* Fahrtenbuch und Satellitenverortung<\/u> <\/span><\/span><\/span><\/strong><\/em><\/p>\n<ul>\n<li><span style=\"font-family: Georgia;\"><span style=\"font-family: Georgia;\"><span style=\"font-family: Georgia;\"><a href=\"http:\/\/www.twinline.de\/\" target=\"_blank\" rel=\"noopener\">TravelControl<\/a><\/span><\/span><\/span><\/li>\n<\/ul>\n","protected":false},"excerpt":{"rendered":"<p>Treiber gesucht: Um gesuchte Treiber schnell und zuverl\u00e4ssig im Netz zu finden, sollten Sie einen der besten Treibersupports im deutschen Internet nutzen. Der Heise-Verlag bietet auf seiner Homepage einen solchen an. Hier werden Sie zu einem gro\u00dfen Teil direkt auf die Anbieterseiten verwiesen und haben damit die Gewissheit, den aktuellsten Treiber f\u00fcr Ihre Hardware downloaden &hellip; <a href=\"https:\/\/fritz-computer.de\/wordpress\/links\/\" class=\"more-link\"><span class=\"screen-reader-text\">unsere Partner<\/span> weiterlesen<\/a><\/p>\n","protected":false},"author":3,"featured_media":0,"parent":0,"menu_order":0,"comment_status":"closed","ping_status":"closed","template":"","meta":{"jetpack_post_was_ever_published":false,"footnotes":""},"class_list":["post-70","page","type-page","status-publish","hentry"],"jetpack_sharing_enabled":false,"jetpack_shortlink":"https:\/\/wp.me\/P6nwqE-18","_links":{"self":[{"href":"https:\/\/fritz-computer.de\/wordpress\/wp-json\/wp\/v2\/pages\/70","targetHints":{"allow":["GET"]}}],"collection":[{"href":"https:\/\/fritz-computer.de\/wordpress\/wp-json\/wp\/v2\/pages"}],"about":[{"href":"https:\/\/fritz-computer.de\/wordpress\/wp-json\/wp\/v2\/types\/page"}],"author":[{"embeddable":true,"href":"https:\/\/fritz-computer.de\/wordpress\/wp-json\/wp\/v2\/users\/3"}],"replies":[{"embeddable":true,"href":"https:\/\/fritz-computer.de\/wordpress\/wp-json\/wp\/v2\/comments?post=70"}],"version-history":[{"count":5,"href":"https:\/\/fritz-computer.de\/wordpress\/wp-json\/wp\/v2\/pages\/70\/revisions"}],"predecessor-version":[{"id":153,"href":"https:\/\/fritz-computer.de\/wordpress\/wp-json\/wp\/v2\/pages\/70\/revisions\/153"}],"wp:attachment":[{"href":"https:\/\/fritz-computer.de\/wordpress\/wp-json\/wp\/v2\/media?parent=70"}],"curies":[{"name":"wp","href":"https:\/\/api.w.org\/{rel}","templated":true}]}}